{"id":601,"date":"2024-02-13T13:37:41","date_gmt":"2024-02-13T13:37:41","guid":{"rendered":"https:\/\/neildavid.com\/product\/x-lounge-chair\/"},"modified":"2025-02-12T14:33:52","modified_gmt":"2025-02-12T14:33:52","slug":"x-lounge-chair","status":"publish","type":"product","link":"https:\/\/neildavid.com\/nl\/product\/x-lounge-chair\/","title":{"rendered":"X lounge chair"},"content":{"rendered":"\t\t<div data-elementor-type=\"wp-post\" data-elementor-id=\"601\" class=\"elementor elementor-601 elementor-590\" data-elementor-post-type=\"product\">\n\t\t\t\t<div class=\"elementor-element elementor-element-4fe35bd9 e-flex e-con-boxed e-con e-parent\" data-id=\"4fe35bd9\" data-element_type=\"container\" data-e-type=\"container\">\n\t\t\t\t\t<div class=\"e-con-inner\">\n\t\t\t\t<div class=\"elementor-element elementor-element-51171bf1 elementor-widget elementor-widget-text-editor\" data-id=\"51171bf1\" data-element_type=\"widget\" data-e-type=\"widget\" data-widget_type=\"text-editor.default\">\n\t\t\t\t<div class=\"elementor-widget-container\">\n\t\t\t\t\t\t\t\t\t\n<p>Op het kruispunt van vorm en functie cre\u00ebert het kenmerkende stalen kruisframe van de X Chair zowel de rugsteun als de achterpoten in \u00e9\u00e9n iconisch detail.<\/p>\n<p>Dit product heeft 100% gerecycled foam in de rug en zitting, plus afneembare hoezen om de levensduur te verlengen. De hoezen kunnen apart besteld worden. Foam en stof zijn recyclebaar. Demonteren en recyclen van dit product? Wij kunnen dit voor u doen om afval te minimaliseren.<\/p>\n<p>\u00a0<\/p>\n<p>\u00a0<\/p>\n\t\t\t\t\t\t\t\t<\/div>\n\t\t\t\t<\/div>\n\t\t\t\t\t<\/div>\n\t\t\t\t<\/div>\n\t\t\t\t<\/div>\n\t\t","protected":false},"featured_media":600,"template":"","collection":[19],"class_list":["post-601","product","type-product","status-publish","has-post-thumbnail","hentry","collection-producten-nl"],"acf":[],"yoast_head":"<!-- This site is optimized with the Yoast SEO plugin v27.3 - https:\/\/yoast.com\/product\/yoast-seo-wordpress\/ -->\n<title>X lounge chair - Neil David | Unusual Usual<\/title>\n<meta name=\"robots\" content=\"index, follow, max-snippet:-1, max-image-preview:large, max-video-preview:-1\" \/>\n<link rel=\"canonical\" href=\"https:\/\/neildavid.com\/nl\/product\/x-lounge-chair\/\" \/>\n<meta property=\"og:locale\" content=\"nl_NL\" \/>\n<meta property=\"og:type\" content=\"article\" \/>\n<meta property=\"og:title\" content=\"X lounge chair - Neil David | Unusual Usual\" \/>\n<meta property=\"og:description\" content=\"Op het kruispunt van vorm en functie cre\u00ebert het kenmerkende stalen kruisframe van de X Chair zowel de rugsteun als de achterpoten in \u00e9\u00e9n iconisch detail. Dit product heeft 100% gerecycled foam in de rug en zitting, plus afneembare hoezen om de levensduur te verlengen. De hoezen kunnen apart besteld worden. Foam en stof zijn [&hellip;]\" \/>\n<meta property=\"og:url\" content=\"https:\/\/neildavid.com\/nl\/product\/x-lounge-chair\/\" \/>\n<meta property=\"og:site_name\" content=\"Neil David | Unusual Usual\" \/>\n<meta property=\"article:publisher\" content=\"https:\/\/www.facebook.com\/neildavidcollection\/\" \/>\n<meta property=\"article:modified_time\" content=\"2025-02-12T14:33:52+00:00\" \/>\n<meta property=\"og:image\" content=\"https:\/\/neildavid.com\/wp-content\/uploads\/2024\/02\/X_lounge_kvadrat_ara_724_COLL_pag-scaled.jpg\" \/>\n\t<meta property=\"og:image:width\" content=\"1920\" \/>\n\t<meta property=\"og:image:height\" content=\"2560\" \/>\n\t<meta property=\"og:image:type\" content=\"image\/jpeg\" \/>\n<meta name=\"twitter:card\" content=\"summary_large_image\" \/>\n<meta name=\"twitter:label1\" content=\"Geschatte leestijd\" \/>\n\t<meta name=\"twitter:data1\" content=\"1 minuut\" \/>\n<script type=\"application\/ld+json\" class=\"yoast-schema-graph\">{\"@context\":\"https:\\\/\\\/schema.org\",\"@graph\":[{\"@type\":\"WebPage\",\"@id\":\"https:\\\/\\\/neildavid.com\\\/nl\\\/product\\\/x-lounge-chair\\\/\",\"url\":\"https:\\\/\\\/neildavid.com\\\/nl\\\/product\\\/x-lounge-chair\\\/\",\"name\":\"X lounge chair - Neil David | Unusual Usual\",\"isPartOf\":{\"@id\":\"https:\\\/\\\/neildavid.com\\\/nl\\\/#website\"},\"primaryImageOfPage\":{\"@id\":\"https:\\\/\\\/neildavid.com\\\/nl\\\/product\\\/x-lounge-chair\\\/#primaryimage\"},\"image\":{\"@id\":\"https:\\\/\\\/neildavid.com\\\/nl\\\/product\\\/x-lounge-chair\\\/#primaryimage\"},\"thumbnailUrl\":\"https:\\\/\\\/neildavid.com\\\/wp-content\\\/uploads\\\/2024\\\/02\\\/X_lounge_kvadrat_ara_724_COLL_pag-scaled.jpg\",\"datePublished\":\"2024-02-13T13:37:41+00:00\",\"dateModified\":\"2025-02-12T14:33:52+00:00\",\"breadcrumb\":{\"@id\":\"https:\\\/\\\/neildavid.com\\\/nl\\\/product\\\/x-lounge-chair\\\/#breadcrumb\"},\"inLanguage\":\"nl-NL\",\"potentialAction\":[{\"@type\":\"ReadAction\",\"target\":[\"https:\\\/\\\/neildavid.com\\\/nl\\\/product\\\/x-lounge-chair\\\/\"]}]},{\"@type\":\"ImageObject\",\"inLanguage\":\"nl-NL\",\"@id\":\"https:\\\/\\\/neildavid.com\\\/nl\\\/product\\\/x-lounge-chair\\\/#primaryimage\",\"url\":\"https:\\\/\\\/neildavid.com\\\/wp-content\\\/uploads\\\/2024\\\/02\\\/X_lounge_kvadrat_ara_724_COLL_pag-scaled.jpg\",\"contentUrl\":\"https:\\\/\\\/neildavid.com\\\/wp-content\\\/uploads\\\/2024\\\/02\\\/X_lounge_kvadrat_ara_724_COLL_pag-scaled.jpg\",\"width\":1920,\"height\":2560},{\"@type\":\"BreadcrumbList\",\"@id\":\"https:\\\/\\\/neildavid.com\\\/nl\\\/product\\\/x-lounge-chair\\\/#breadcrumb\",\"itemListElement\":[{\"@type\":\"ListItem\",\"position\":1,\"name\":\"Home\",\"item\":\"https:\\\/\\\/neildavid.com\\\/nl\\\/\"},{\"@type\":\"ListItem\",\"position\":2,\"name\":\"X lounge chair\"}]},{\"@type\":\"WebSite\",\"@id\":\"https:\\\/\\\/neildavid.com\\\/nl\\\/#website\",\"url\":\"https:\\\/\\\/neildavid.com\\\/nl\\\/\",\"name\":\"Neil David | Unusual Usual\",\"description\":\"Contemporary furniture for contract and home.\",\"publisher\":{\"@id\":\"https:\\\/\\\/neildavid.com\\\/nl\\\/#organization\"},\"potentialAction\":[{\"@type\":\"SearchAction\",\"target\":{\"@type\":\"EntryPoint\",\"urlTemplate\":\"https:\\\/\\\/neildavid.com\\\/nl\\\/?s={search_term_string}\"},\"query-input\":{\"@type\":\"PropertyValueSpecification\",\"valueRequired\":true,\"valueName\":\"search_term_string\"}}],\"inLanguage\":\"nl-NL\"},{\"@type\":\"Organization\",\"@id\":\"https:\\\/\\\/neildavid.com\\\/nl\\\/#organization\",\"name\":\"Neil David | Unusual Usual\",\"url\":\"https:\\\/\\\/neildavid.com\\\/nl\\\/\",\"logo\":{\"@type\":\"ImageObject\",\"inLanguage\":\"nl-NL\",\"@id\":\"https:\\\/\\\/neildavid.com\\\/nl\\\/#\\\/schema\\\/logo\\\/image\\\/\",\"url\":\"https:\\\/\\\/neildavid.com\\\/wp-content\\\/uploads\\\/2024\\\/02\\\/logo_NeilDavid.svg\",\"contentUrl\":\"https:\\\/\\\/neildavid.com\\\/wp-content\\\/uploads\\\/2024\\\/02\\\/logo_NeilDavid.svg\",\"caption\":\"Neil David | Unusual Usual\"},\"image\":{\"@id\":\"https:\\\/\\\/neildavid.com\\\/nl\\\/#\\\/schema\\\/logo\\\/image\\\/\"},\"sameAs\":[\"https:\\\/\\\/www.facebook.com\\\/neildavidcollection\\\/\",\"https:\\\/\\\/www.instagram.com\\\/neildavidfurniture\\\/\",\"https:\\\/\\\/www.linkedin.com\\\/company\\\/neildavid\\\/\"]}]}<\/script>\n<!-- \/ Yoast SEO plugin. -->","yoast_head_json":{"title":"X lounge chair - Neil David | Unusual Usual","robots":{"index":"index","follow":"follow","max-snippet":"max-snippet:-1","max-image-preview":"max-image-preview:large","max-video-preview":"max-video-preview:-1"},"canonical":"https:\/\/neildavid.com\/nl\/product\/x-lounge-chair\/","og_locale":"nl_NL","og_type":"article","og_title":"X lounge chair - Neil David | Unusual Usual","og_description":"Op het kruispunt van vorm en functie cre\u00ebert het kenmerkende stalen kruisframe van de X Chair zowel de rugsteun als de achterpoten in \u00e9\u00e9n iconisch detail. Dit product heeft 100% gerecycled foam in de rug en zitting, plus afneembare hoezen om de levensduur te verlengen. De hoezen kunnen apart besteld worden. Foam en stof zijn [&hellip;]","og_url":"https:\/\/neildavid.com\/nl\/product\/x-lounge-chair\/","og_site_name":"Neil David | Unusual Usual","article_publisher":"https:\/\/www.facebook.com\/neildavidcollection\/","article_modified_time":"2025-02-12T14:33:52+00:00","og_image":[{"width":1920,"height":2560,"url":"https:\/\/neildavid.com\/wp-content\/uploads\/2024\/02\/X_lounge_kvadrat_ara_724_COLL_pag-scaled.jpg","type":"image\/jpeg"}],"twitter_card":"summary_large_image","twitter_misc":{"Geschatte leestijd":"1 minuut"},"schema":{"@context":"https:\/\/schema.org","@graph":[{"@type":"WebPage","@id":"https:\/\/neildavid.com\/nl\/product\/x-lounge-chair\/","url":"https:\/\/neildavid.com\/nl\/product\/x-lounge-chair\/","name":"X lounge chair - Neil David | Unusual Usual","isPartOf":{"@id":"https:\/\/neildavid.com\/nl\/#website"},"primaryImageOfPage":{"@id":"https:\/\/neildavid.com\/nl\/product\/x-lounge-chair\/#primaryimage"},"image":{"@id":"https:\/\/neildavid.com\/nl\/product\/x-lounge-chair\/#primaryimage"},"thumbnailUrl":"https:\/\/neildavid.com\/wp-content\/uploads\/2024\/02\/X_lounge_kvadrat_ara_724_COLL_pag-scaled.jpg","datePublished":"2024-02-13T13:37:41+00:00","dateModified":"2025-02-12T14:33:52+00:00","breadcrumb":{"@id":"https:\/\/neildavid.com\/nl\/product\/x-lounge-chair\/#breadcrumb"},"inLanguage":"nl-NL","potentialAction":[{"@type":"ReadAction","target":["https:\/\/neildavid.com\/nl\/product\/x-lounge-chair\/"]}]},{"@type":"ImageObject","inLanguage":"nl-NL","@id":"https:\/\/neildavid.com\/nl\/product\/x-lounge-chair\/#primaryimage","url":"https:\/\/neildavid.com\/wp-content\/uploads\/2024\/02\/X_lounge_kvadrat_ara_724_COLL_pag-scaled.jpg","contentUrl":"https:\/\/neildavid.com\/wp-content\/uploads\/2024\/02\/X_lounge_kvadrat_ara_724_COLL_pag-scaled.jpg","width":1920,"height":2560},{"@type":"BreadcrumbList","@id":"https:\/\/neildavid.com\/nl\/product\/x-lounge-chair\/#breadcrumb","itemListElement":[{"@type":"ListItem","position":1,"name":"Home","item":"https:\/\/neildavid.com\/nl\/"},{"@type":"ListItem","position":2,"name":"X lounge chair"}]},{"@type":"WebSite","@id":"https:\/\/neildavid.com\/nl\/#website","url":"https:\/\/neildavid.com\/nl\/","name":"Neil David | Unusual Usual","description":"Contemporary furniture for contract and home.","publisher":{"@id":"https:\/\/neildavid.com\/nl\/#organization"},"potentialAction":[{"@type":"SearchAction","target":{"@type":"EntryPoint","urlTemplate":"https:\/\/neildavid.com\/nl\/?s={search_term_string}"},"query-input":{"@type":"PropertyValueSpecification","valueRequired":true,"valueName":"search_term_string"}}],"inLanguage":"nl-NL"},{"@type":"Organization","@id":"https:\/\/neildavid.com\/nl\/#organization","name":"Neil David | Unusual Usual","url":"https:\/\/neildavid.com\/nl\/","logo":{"@type":"ImageObject","inLanguage":"nl-NL","@id":"https:\/\/neildavid.com\/nl\/#\/schema\/logo\/image\/","url":"https:\/\/neildavid.com\/wp-content\/uploads\/2024\/02\/logo_NeilDavid.svg","contentUrl":"https:\/\/neildavid.com\/wp-content\/uploads\/2024\/02\/logo_NeilDavid.svg","caption":"Neil David | Unusual Usual"},"image":{"@id":"https:\/\/neildavid.com\/nl\/#\/schema\/logo\/image\/"},"sameAs":["https:\/\/www.facebook.com\/neildavidcollection\/","https:\/\/www.instagram.com\/neildavidfurniture\/","https:\/\/www.linkedin.com\/company\/neildavid\/"]}]}},"_links":{"self":[{"href":"https:\/\/neildavid.com\/nl\/wp-json\/wp\/v2\/product\/601","targetHints":{"allow":["GET"]}}],"collection":[{"href":"https:\/\/neildavid.com\/nl\/wp-json\/wp\/v2\/product"}],"about":[{"href":"https:\/\/neildavid.com\/nl\/wp-json\/wp\/v2\/types\/product"}],"version-history":[{"count":4,"href":"https:\/\/neildavid.com\/nl\/wp-json\/wp\/v2\/product\/601\/revisions"}],"predecessor-version":[{"id":1202,"href":"https:\/\/neildavid.com\/nl\/wp-json\/wp\/v2\/product\/601\/revisions\/1202"}],"wp:featuredmedia":[{"embeddable":true,"href":"https:\/\/neildavid.com\/nl\/wp-json\/wp\/v2\/media\/600"}],"wp:attachment":[{"href":"https:\/\/neildavid.com\/nl\/wp-json\/wp\/v2\/media?parent=601"}],"wp:term":[{"taxonomy":"collection","embeddable":true,"href":"https:\/\/neildavid.com\/nl\/wp-json\/wp\/v2\/collection?post=601"}],"curies":[{"name":"wp","href":"https:\/\/api.w.org\/{rel}","templated":true}]}}